{"id":6,"date":"2005-11-23T20:39:25","date_gmt":"2005-11-23T14:39:25","guid":{"rendered":"http:\/\/19bis.com\/objectbis\/?page_id=6"},"modified":"2024-04-25T21:14:22","modified_gmt":"2024-04-25T19:14:22","slug":"about","status":"publish","type":"page","link":"https:\/\/19bis.com\/objectbis\/about\/","title":{"rendered":"Sobre 19bis.com"},"content":{"rendered":"<blockquote>\n<p align=\"justify\">\u00a1Hola!<\/p>\n<p class=\"Estilo81\" align=\"justify\">Bienvenido a mi Blog personal sin \u00e1nimo de lucro, al que hemos llamado <a href=\"http:\/\/19bis.com\/objectbis\">19bis.com\/objectbis<\/a><\/p>\n<p align=\"justify\">Soy Carmela, espero que en nuestras p\u00e1ginas puedas encontrar contenidos interesantes. Te invito a participar de esta iniciativa que cada vez cuenta con m\u00e1s amigos aportando ideas y comentarios.<\/p>\n<p align=\"justify\">En <a title=\"objectbis\" href=\"http:\/\/19bis.com\/objectbis\/\" target=\"_blank\" rel=\"noopener noreferrer\">ObjectbiS blog<\/a> nos alegra pensar que en este mundo muchas veces desconcertante, donde cada d\u00eda tenemos menos recursos naturales debido al exceso de consumo, nos encontremos con personas con las que luchar por tener un futuro sostenible y ecol\u00f3gico.<\/p>\n<\/blockquote>\n<blockquote>\n<p align=\"justify\"><strong>El blog te pedir\u00e1 autorizaci\u00f3n para usar\u00a0 cookies. Por favor, acepta su uso s\u00f3lo si te sientes seguro\/a para navegar por mi blog personal.<\/strong><\/p>\n<p align=\"justify\">Vivimos en una sociedad de consumo masivo que en todo momento nos conduce hacia lo impersonal. Como un ej\u00e9rcito manejados por el marketing, olvidamos nuestros gustos est\u00e9ticos personales y s\u00f3lo deseamos lo que nos imponen. Nos invaden con lo no personal.<\/p>\n<p align=\"justify\">A trav\u00e9s del Dise\u00f1o se puede contribuir, este est\u00e1 en constante evoluci\u00f3n y los dise\u00f1adores debemos buscar nuevos materiales, t\u00e9cnicas, procesos para caminar con las nuevas tendencias y estilos, unirlos todos a la conciencia ecol\u00f3gica, dando lugar al \u00abEco Dise\u00f1o\u00bb.<\/p>\n<p align=\"justify\">En <a title=\"objectbis\" href=\"http:\/\/19bis.com\/objectbis\/\" target=\"_blank\" rel=\"noopener noreferrer\"><strong>ObjectbiS blog<\/strong><\/a> queremos concienciar a trav\u00e9s del dise\u00f1o ecol\u00f3gico. Dar a conocer que a trav\u00e9s del dise\u00f1o se puede colaborar con el medio ambiente y pensar que todav\u00eda la creatividad est\u00e1 viva. Nuestra inquietud es dar a conocer a dise\u00f1adores, instalaciones art\u00edsticas, construcciones,\u00a0 noticias novedosas y objetos que est\u00e9n realizados con materiales reciclados, naturales y renovables. Poder dar una segunda vida aquellos objetos que pensamos que son inservibles con los que se pueden realizar objetos de dise\u00f1o sorprendentes sin tener que producir, transportar, ni fabricar nada nuevo. Tenemos que cambiar nuestra forma de pensar, volver al pasado reutilizar materiales de gran calidad que est\u00e1n olvidados o nos parecen arcaicos, reutilizarlos en el presente y tener en cuenta su degradabilidad en el futuro.<\/p>\n<p align=\"justify\">Crear art\u00edculos exclusivo y originales con materiales locales. Apoyar la artesan\u00eda, la producci\u00f3n local y volver a recuperar los valores perdidos de lo antiguo adapt\u00e1ndolos a la actualidad. En nuestro blog tratamos sobre arquitectura ecol\u00f3gica o sustentable que pone una especial atenci\u00f3n al cuidado e inserci\u00f3n en el entorno natural del edificio, buscando que esta implantaci\u00f3n no sea da\u00f1inaal entorno, permitiendo la coexistencia de ambos estados Natural y Arquitectura.<br \/>\nHacer reflexionar sobre como estamos rodeados de objetos comunes que se pueden reciclar y dar una segunda vida, que pueden ser reutilizados y crear\u00a0 espacios est\u00e9ticos sin tener que comprar nada nuevo.<br \/>\n\u00abSe debe a\u00f1adir un valor a lo insignificante\u00bb<\/p>\n<\/blockquote>\n<p><span style=\"border-radius: 2px; text-indent: 20px; width: auto; padding: 0px 4px 0px 0px; text-align: center; font: bold 11px\/20px 'Helvetica Neue',Helvetica,sans-serif; color: #ffffff; background: #bd081c no-repeat scroll 3px 50% \/ 14px 14px; position: absolute; opacity: 1; z-index: 8675309; display: none; cursor: pointer;\">Guardar<\/span><\/p>\n","protected":false},"excerpt":{"rendered":"<p>\u00a1Hola! Bienvenido a mi Blog personal sin \u00e1nimo de lucro, al que hemos llamado 19bis.com\/objectbis Soy Carmela, espero que en nuestras p\u00e1ginas puedas encontrar contenidos interesantes. Te invito a participar de esta iniciativa que cada vez cuenta con m\u00e1s amigos aportando ideas y comentarios. En ObjectbiS blog nos alegra pensar que en este mundo muchas [&hellip;]<a href=\"https:\/\/19bis.com\/objectbis\/about\/\" title=\"Continue reading &laquo;Sobre 19bis.com&raquo;\" class=\"more-link\">Continue reading &laquo;Sobre 19bis.com&raquo;<\/a><\/p>\n","protected":false},"author":2,"featured_media":0,"parent":0,"menu_order":0,"comment_status":"open","ping_status":"open","template":"","meta":{"footnotes":""},"class_list":["post-6","page","type-page","status-publish","hentry","post-preview"],"_links":{"self":[{"href":"https:\/\/19bis.com\/objectbis\/wp-json\/wp\/v2\/pages\/6","targetHints":{"allow":["GET"]}}],"collection":[{"href":"https:\/\/19bis.com\/objectbis\/wp-json\/wp\/v2\/pages"}],"about":[{"href":"https:\/\/19bis.com\/objectbis\/wp-json\/wp\/v2\/types\/page"}],"author":[{"embeddable":true,"href":"https:\/\/19bis.com\/objectbis\/wp-json\/wp\/v2\/users\/2"}],"replies":[{"embeddable":true,"href":"https:\/\/19bis.com\/objectbis\/wp-json\/wp\/v2\/comments?post=6"}],"version-history":[{"count":7,"href":"https:\/\/19bis.com\/objectbis\/wp-json\/wp\/v2\/pages\/6\/revisions"}],"predecessor-version":[{"id":12138,"href":"https:\/\/19bis.com\/objectbis\/wp-json\/wp\/v2\/pages\/6\/revisions\/12138"}],"wp:attachment":[{"href":"https:\/\/19bis.com\/objectbis\/wp-json\/wp\/v2\/media?parent=6"}],"curies":[{"name":"wp","href":"https:\/\/api.w.org\/{rel}","templated":true}]}}